{"id":3792,"date":"2020-12-14T20:47:48","date_gmt":"2020-12-14T20:47:48","guid":{"rendered":"https:\/\/babushkajewelry.com\/termek\/endless-i-nyaklanc\/"},"modified":"2026-01-30T11:15:44","modified_gmt":"2026-01-30T09:15:44","slug":"endless-i-nyaklanc","status":"publish","type":"product","link":"https:\/\/babushkajewelry.com\/en\/product\/endless-i-nyaklanc\/","title":{"rendered":"Endless I. nyakl\u00e1nc"},"content":{"rendered":"<p>K\u00e9zzel k\u00e9sz\u00edtett, egyedi \u00e9kszerek a letisztults\u00e1got kedvel\u0151knek.<\/p>\n","protected":false},"excerpt":{"rendered":"<p>K\u00e9zzel k\u00e9sz\u00edtett, egyedi \u00e9kszerek a letisztults\u00e1got kedvel\u0151knek.<\/p>\n","protected":false},"featured_media":840,"template":"","meta":{"_et_pb_use_builder":"","_et_pb_old_content":"","_et_gb_content_width":""},"product_brand":[],"product_cat":[43,39,45,50,92,95],"product_tag":[],"class_list":{"0":"post-3792","1":"product","2":"type-product","3":"status-publish","4":"has-post-thumbnail","6":"product_cat-babushka-collection","7":"product_cat-mmxx-en","8":"product_cat-jewelry","9":"product_cat-necklaces","10":"product_cat-trending","11":"product_cat-bestsellers","13":"first","14":"instock","15":"taxable","16":"shipping-taxable","17":"purchasable","18":"product-type-variable"},"_links":{"self":[{"href":"https:\/\/babushkajewelry.com\/en\/wp-json\/wp\/v2\/product\/3792","targetHints":{"allow":["GET"]}}],"collection":[{"href":"https:\/\/babushkajewelry.com\/en\/wp-json\/wp\/v2\/product"}],"about":[{"href":"https:\/\/babushkajewelry.com\/en\/wp-json\/wp\/v2\/types\/product"}],"wp:featuredmedia":[{"embeddable":true,"href":"https:\/\/babushkajewelry.com\/en\/wp-json\/wp\/v2\/media\/840"}],"wp:attachment":[{"href":"https:\/\/babushkajewelry.com\/en\/wp-json\/wp\/v2\/media?parent=3792"}],"wp:term":[{"taxonomy":"product_brand","embeddable":true,"href":"https:\/\/babushkajewelry.com\/en\/wp-json\/wp\/v2\/product_brand?post=3792"},{"taxonomy":"product_cat","embeddable":true,"href":"https:\/\/babushkajewelry.com\/en\/wp-json\/wp\/v2\/product_cat?post=3792"},{"taxonomy":"product_tag","embeddable":true,"href":"https:\/\/babushkajewelry.com\/en\/wp-json\/wp\/v2\/product_tag?post=3792"}],"curies":[{"name":"wp","href":"https:\/\/api.w.org\/{rel}","templated":true}]}}