{"id":996,"date":"2021-08-30T17:38:01","date_gmt":"2021-08-30T17:38:01","guid":{"rendered":"https:\/\/babushkajewelry.com\/about\/"},"modified":"2022-01-10T12:35:36","modified_gmt":"2022-01-10T12:35:36","slug":"about","status":"publish","type":"page","link":"https:\/\/babushkajewelry.com\/en\/about\/","title":{"rendered":"About"},"content":{"rendered":"<p>[et_pb_section fb_built=&#8221;1&#8243; make_equal=&#8221;on&#8221; use_custom_gutter=&#8221;on&#8221; gutter_width=&#8221;2&#8243; specialty=&#8221;on&#8221; _builder_version=&#8221;4.11.2&#8243; _module_preset=&#8221;default&#8221; custom_margin=&#8221;100px||||false|false&#8221; custom_padding=&#8221;||0px||false|false&#8221; global_colors_info=&#8221;{}&#8221;][et_pb_column type=&#8221;1_2&#8243; _builder_version=&#8221;3.25&#8243; custom_padding=&#8221;|||&#8221; global_colors_info=&#8221;{}&#8221; custom_padding__hover=&#8221;|||&#8221;][et_pb_image src=&#8221;https:\/\/babushkajewelry.com\/wp-content\/uploads\/2021\/09\/Haklik_Zita_Babushka_Portrait_C.jpeg&#8221; alt=&#8221;Haklik Zita&#8221; title_text=&#8221;Haklik_Zita_Babushka_Portrait_C&#8221; align=&#8221;right&#8221; _builder_version=&#8221;4.11.4&#8243; _module_preset=&#8221;default&#8221; global_colors_info=&#8221;{}&#8221;][\/et_pb_image][\/et_pb_column][et_pb_column type=&#8221;1_2&#8243; specialty_columns=&#8221;2&#8243; _builder_version=&#8221;3.25&#8243; custom_padding=&#8221;|||&#8221; global_colors_info=&#8221;{}&#8221; custom_padding__hover=&#8221;|||&#8221;][et_pb_row_inner _builder_version=&#8221;4.10.7&#8243; _module_preset=&#8221;default&#8221; global_colors_info=&#8221;{}&#8221;][et_pb_column_inner saved_specialty_column_type=&#8221;1_2&#8243; _builder_version=&#8221;4.10.7&#8243; _module_preset=&#8221;default&#8221; global_colors_info=&#8221;{}&#8221;][et_pb_text _builder_version=&#8221;4.14.4&#8243; _module_preset=&#8221;default&#8221; header_font=&#8221;Leiko|||on|||||&#8221; header_font_size=&#8221;28px&#8221; header_2_font=&#8221;Leiko||||||||&#8221; header_2_font_size=&#8221;40px&#8221; custom_margin=&#8221;||||false|false&#8221; custom_margin_tablet=&#8221;|||0px|false|false&#8221; custom_margin_phone=&#8221;|||0px|false|false&#8221; custom_margin_last_edited=&#8221;off|desktop&#8221; custom_padding=&#8221;10px||||false|false&#8221; hover_enabled=&#8221;0&#8243; global_colors_info=&#8221;{}&#8221; sticky_enabled=&#8221;0&#8243;]<\/p>\n<h1>About<\/h1>\n<p>[\/et_pb_text][et_pb_divider _builder_version=&#8221;4.10.7&#8243; _module_preset=&#8221;default&#8221; width=&#8221;200px&#8221; custom_margin=&#8221;|||-150px|false|false&#8221; custom_margin_tablet=&#8221;|||0px|false|false&#8221; custom_margin_phone=&#8221;&#8221; custom_margin_last_edited=&#8221;on|phone&#8221; global_colors_info=&#8221;{}&#8221;][\/et_pb_divider][et_pb_text _builder_version=&#8221;4.10.7&#8243; _module_preset=&#8221;default&#8221; width=&#8221;100%&#8221; width_tablet=&#8221;100%&#8221; width_last_edited=&#8221;off|desktop&#8221; global_colors_info=&#8221;{}&#8221;]<\/p>\n<p>I&#8217;ve trained on the fire of a long journey and many challenges that not just hardened me but made me nobler too. Without them, I would hardly have found out what the essence of the Babushka brand is: the natural harmony that comes from simplicity. That&#8217;s why I turned almost fatefully towards goldsmithery, where hardness is combined with softness, and the sparkle of precious metals with purity. My creations are not only jewelry that I also love to wear, but my self-expression to the outside world. In the spirit of this, I bring to life my collections for the pleasure of myself and others who also strive for harmony in their daily lives and throughout their lives. My workshop is not only a place where jewelry is made, but also an inner sanctuary where my attention is focused.<\/p>\n<p>[\/et_pb_text][\/et_pb_column_inner][\/et_pb_row_inner][et_pb_row_inner column_structure=&#8221;1_2,1_2&#8243; use_custom_gutter=&#8221;on&#8221; gutter_width=&#8221;2&#8243; _builder_version=&#8221;4.11.4&#8243; _module_preset=&#8221;default&#8221; custom_padding=&#8221;0px||||false|false&#8221; global_colors_info=&#8221;{}&#8221;][et_pb_column_inner type=&#8221;1_2&#8243; saved_specialty_column_type=&#8221;1_2&#8243; _builder_version=&#8221;4.10.7&#8243; _module_preset=&#8221;default&#8221; global_colors_info=&#8221;{}&#8221;][et_pb_image src=&#8221;https:\/\/babushkajewelry.com\/wp-content\/uploads\/2021\/09\/JOY_01-scaled.jpg&#8221; title_text=&#8221;JOY_01&#8243; _builder_version=&#8221;4.10.7&#8243; _module_preset=&#8221;default&#8221; global_colors_info=&#8221;{}&#8221;][\/et_pb_image][\/et_pb_column_inner][et_pb_column_inner type=&#8221;1_2&#8243; saved_specialty_column_type=&#8221;1_2&#8243; _builder_version=&#8221;4.10.7&#8243; _module_preset=&#8221;default&#8221; global_colors_info=&#8221;{}&#8221;][et_pb_image src=&#8221;https:\/\/babushkajewelry.com\/wp-content\/uploads\/2021\/09\/JOY_02-2-scaled.jpg&#8221; title_text=&#8221;JOY_02&#8243; _builder_version=&#8221;4.10.7&#8243; _module_preset=&#8221;default&#8221; global_colors_info=&#8221;{}&#8221;][\/et_pb_image][\/et_pb_column_inner][\/et_pb_row_inner][\/et_pb_column][\/et_pb_section][et_pb_section fb_built=&#8221;1&#8243; _builder_version=&#8221;4.11.2&#8243; _module_preset=&#8221;default&#8221; custom_padding=&#8221;0px||||false|false&#8221; global_colors_info=&#8221;{}&#8221;][et_pb_row column_structure=&#8221;1_2,1_2&#8243; make_equal=&#8221;on&#8221; _builder_version=&#8221;4.11.2&#8243; _module_preset=&#8221;default&#8221; global_colors_info=&#8221;{}&#8221;][et_pb_column type=&#8221;1_2&#8243; _builder_version=&#8221;4.11.2&#8243; _module_preset=&#8221;default&#8221; custom_css_main_element=&#8221;margin: auto;&#8221; global_colors_info=&#8221;{}&#8221;][et_pb_text _builder_version=&#8221;4.11.4&#8243; _module_preset=&#8221;default&#8221; text_orientation=&#8221;right&#8221; width=&#8221;90%&#8221; width_tablet=&#8221;100%&#8221; width_last_edited=&#8221;off|desktop&#8221; module_alignment=&#8221;right&#8221; custom_margin=&#8221;50px||||false|false&#8221; global_colors_info=&#8221;{}&#8221;]<\/p>\n<p>Babushka collections are built from basis: variations of simple, refined forms.<br \/>\nJust as real life is only perfect in its own way, so is my jewelry. I make each piece with the greatest love, with my own hands, so no two are the same.<\/p>\n<p>[\/et_pb_text][\/et_pb_column][et_pb_column type=&#8221;1_2&#8243; _builder_version=&#8221;4.11.2&#8243; _module_preset=&#8221;default&#8221; global_colors_info=&#8221;{}&#8221;][et_pb_image src=&#8221;https:\/\/babushkajewelry.com\/wp-content\/uploads\/2021\/09\/JOY_03-scaled.jpg&#8221; title_text=&#8221;JOY_03&#8243; _builder_version=&#8221;4.10.7&#8243; _module_preset=&#8221;default&#8221; global_colors_info=&#8221;{}&#8221;][\/et_pb_image][\/et_pb_column][\/et_pb_row][\/et_pb_section][et_pb_section fb_built=&#8221;1&#8243; admin_label=&#8221;Footer_hu&#8221; _builder_version=&#8221;4.10.6&#8243; _module_preset=&#8221;default&#8221; global_module=&#8221;1607&#8243; saved_tabs=&#8221;all&#8221; global_colors_info=&#8221;{}&#8221;][et_pb_row _builder_version=&#8221;4.10.8&#8243; _module_preset=&#8221;default&#8221; width=&#8221;90%&#8221; width_tablet=&#8221;80%&#8221; width_phone=&#8221;90%&#8221; width_last_edited=&#8221;off|desktop&#8221; custom_margin=&#8221;0px||0px||true|false&#8221; custom_padding=&#8221;0px||0px||true|false&#8221; border_color_top=&#8221;#000000&#8243; border_width_bottom=&#8221;1px&#8221; global_colors_info=&#8221;{}&#8221;][et_pb_column type=&#8221;4_4&#8243; _builder_version=&#8221;4.10.6&#8243; _module_preset=&#8221;default&#8221; custom_padding=&#8221;0px||0px||true|false&#8221; global_colors_info=&#8221;{}&#8221;][\/et_pb_column][\/et_pb_row][et_pb_row column_structure=&#8221;1_3,1_3,1_3&#8243; use_custom_gutter=&#8221;on&#8221; gutter_width=&#8221;1&#8243; _builder_version=&#8221;4.10.8&#8243; _module_preset=&#8221;default&#8221; width=&#8221;50%&#8221; width_tablet=&#8221;80%&#8221; width_phone=&#8221;90%&#8221; width_last_edited=&#8221;on|phone&#8221; border_color_top=&#8221;#000000&#8243; global_colors_info=&#8221;{}&#8221;][et_pb_column type=&#8221;1_3&#8243; _builder_version=&#8221;4.10.6&#8243; _module_preset=&#8221;default&#8221; global_colors_info=&#8221;{}&#8221;][et_pb_text _builder_version=&#8221;4.10.8&#8243; _module_preset=&#8221;default&#8221; text_line_height=&#8221;1em&#8221; link_font=&#8221;sf pro display light||||||||&#8221; link_text_color=&#8221;#000000&#8243; link_font_size=&#8221;10px&#8221; header_3_font=&#8221;sf pro text medium|||on|||||&#8221; header_3_font_size=&#8221;12px&#8221; text_orientation=&#8221;center&#8221; global_colors_info=&#8221;{}&#8221;]<\/p>\n<h3>Contact<\/h3>\n<p><a href=\"tel:+36%2030 220 5607\">+36 30 220 5607<\/a><br \/><a href=\"mailto:zita@babushkajewelery.com\">zita@babushkajewelery.com<\/a><\/p>\n<p>[\/et_pb_text][\/et_pb_column][et_pb_column type=&#8221;1_3&#8243; _builder_version=&#8221;4.10.6&#8243; _module_preset=&#8221;default&#8221; global_colors_info=&#8221;{}&#8221;][et_pb_text _builder_version=&#8221;4.11.4&#8243; _module_preset=&#8221;default&#8221; text_line_height=&#8221;1em&#8221; link_font=&#8221;sf pro display light||||||||&#8221; link_text_color=&#8221;#000000&#8243; link_font_size=&#8221;10px&#8221; header_3_font=&#8221;sf pro text medium|||on|||||&#8221; header_3_font_size=&#8221;12px&#8221; text_orientation=&#8221;center&#8221; global_colors_info=&#8221;{}&#8221;]<\/p>\n<h3>\u00c1ltal\u00e1nos<\/h3>\n<p><a href=\"https:\/\/babushkajewelry.com\/en\/privacy-policy\/\">\u00c1SZF<\/a><br \/><a href=\"https:\/\/babushkajewelry.com\/en\/jewelry-storage-cleaning\/\">Tiszt\u00edt\u00e1s, t\u00e1rol\u00e1s<\/a><br \/><a href=\"https:\/\/babushkajewelry.com\/en\/orders-shipping-information\/\">Rendel\u00e9si inform\u00e1ci\u00f3k<\/a><\/p>\n<p>[\/et_pb_text][\/et_pb_column][et_pb_column type=&#8221;1_3&#8243; _builder_version=&#8221;4.10.6&#8243; _module_preset=&#8221;default&#8221; global_colors_info=&#8221;{}&#8221;][et_pb_text _builder_version=&#8221;4.10.8&#8243; _module_preset=&#8221;default&#8221; text_line_height=&#8221;1em&#8221; link_font=&#8221;sf pro display light||||||||&#8221; link_text_color=&#8221;#000000&#8243; link_font_size=&#8221;10px&#8221; header_3_font=&#8221;sf pro text medium|||on|||||&#8221; header_3_font_size=&#8221;12px&#8221; text_orientation=&#8221;center&#8221; global_colors_info=&#8221;{}&#8221;]<\/p>\n<h3>Follow Us<\/h3>\n<p><a href=\"https:\/\/www.facebook.com\/babushkajewelry\/\" target=\"_blank\" rel=\"noopener\">Facebook<\/a><br \/><a href=\"https:\/\/www.instagram.com\/babushkajewelry\/\" target=\"_blank\" rel=\"noopener\">Instagram<\/a><\/p>\n<p>[\/et_pb_text][\/et_pb_column][\/et_pb_row][\/et_pb_section]<\/p>\n","protected":false},"excerpt":{"rendered":"<p>AboutI&#8217;ve trained on the fire of a long journey and many challenges that not just hardened me but made me nobler too. Without them, I would hardly have found out what the essence of the Babushka brand is: the natural harmony that comes from simplicity. That&#8217;s why I turned almost fatefully towards goldsmithery, where hardness [&hellip;]<\/p>\n","protected":false},"author":5,"featured_media":0,"parent":0,"menu_order":0,"comment_status":"closed","ping_status":"closed","template":"","meta":{"_et_pb_use_builder":"on","_et_pb_old_content":"","_et_gb_content_width":"","footnotes":""},"class_list":["post-996","page","type-page","status-publish","hentry"],"_links":{"self":[{"href":"https:\/\/babushkajewelry.com\/en\/wp-json\/wp\/v2\/pages\/996","targetHints":{"allow":["GET"]}}],"collection":[{"href":"https:\/\/babushkajewelry.com\/en\/wp-json\/wp\/v2\/pages"}],"about":[{"href":"https:\/\/babushkajewelry.com\/en\/wp-json\/wp\/v2\/types\/page"}],"author":[{"embeddable":true,"href":"https:\/\/babushkajewelry.com\/en\/wp-json\/wp\/v2\/users\/5"}],"replies":[{"embeddable":true,"href":"https:\/\/babushkajewelry.com\/en\/wp-json\/wp\/v2\/comments?post=996"}],"version-history":[{"count":6,"href":"https:\/\/babushkajewelry.com\/en\/wp-json\/wp\/v2\/pages\/996\/revisions"}],"predecessor-version":[{"id":3770,"href":"https:\/\/babushkajewelry.com\/en\/wp-json\/wp\/v2\/pages\/996\/revisions\/3770"}],"wp:attachment":[{"href":"https:\/\/babushkajewelry.com\/en\/wp-json\/wp\/v2\/media?parent=996"}],"curies":[{"name":"wp","href":"https:\/\/api.w.org\/{rel}","templated":true}]}}